{"id":2,"date":"2020-09-21T10:36:09","date_gmt":"2020-09-21T08:36:09","guid":{"rendered":"https:\/\/www.hotellechaletblanc.com\/?page_id=2"},"modified":"2020-09-21T10:36:09","modified_gmt":"2020-09-21T08:36:09","slug":"page-d-exemple","status":"publish","type":"page","link":"https:\/\/www.hotellechaletblanc.com\/it\/page-d-exemple\/","title":{"rendered":"Pagina di esempio"},"content":{"rendered":"<p>Questa \u00e8 una pagina di esempio. \u00c8 diverso da un post di blog perch\u00e9 rimarr\u00e0 nello stesso posto e apparir\u00e0 nella navigazione del tuo sito (nella maggior parte dei temi). La maggior parte delle persone inizia con una pagina \"About\" che li presenta ai visitatori del sito. Potrebbe sembrare qualcosa del genere:<\/p>\n\n\n\n<blockquote class=\"wp-block-quote is-layout-flow wp-block-quote-is-layout-flow\"><p>Ciao! Sono un meccanico che aspira a diventare un attore, e questo \u00e8 il mio sito web. Vivo a Bordeaux, ho un grande cane di nome Russell e amo la vodka (cos\u00ec come essere sorpreso da una pioggia improvvisa durante lunghe passeggiate sulla spiaggia al tramonto).<\/p><\/blockquote>\n\n\n\n<p>...o qualcosa del genere:<\/p>\n\n\n\n<blockquote class=\"wp-block-quote is-layout-flow wp-block-quote-is-layout-flow\"><p>123 Machin Truc \u00e8 stata fondata nel 1971, e da allora fornisce al pubblico un aggeggio di qualit\u00e0. Situata a Saint-Remy-en-Bouzemont-Saint-Genest-et-Isson, 123 Machin Truc impiega 2.000 persone e produce tutti i tipi di cose interessanti per la comunit\u00e0 di Bouzemont.<\/p><\/blockquote>\n\n\n\n<p>Come nuovo utente di WordPress, dovresti andare su <a href=\"https:\/\/www.hotellechaletblanc.com\/wp-admin\/\">il tuo cruscotto<\/a> per cancellare questa pagina e creare nuove pagine per il tuo contenuto. Buon divertimento!<\/p>","protected":false},"excerpt":{"rendered":"<p>Ceci est une page d\u2019exemple. C\u2019est diff\u00e9rent d\u2019un article de blog parce qu\u2019elle restera au m\u00eame endroit et appara\u00eetra dans la navigation de votre site (dans la plupart des th\u00e8mes). La plupart des gens commencent par une page \u00ab\u00a0\u00c0 propos\u00a0\u00bb qui les pr\u00e9sente aux visiteurs du site. Cela pourrait ressembler \u00e0 quelque chose comme cela\u00a0: [&hellip;]<\/p>\n","protected":false},"author":4,"featured_media":0,"parent":0,"menu_order":0,"comment_status":"closed","ping_status":"open","template":"","meta":{"_acf_changed":false,"footnotes":""},"class_list":["post-2","page","type-page","status-publish","hentry"],"acf":[],"_links":{"self":[{"href":"https:\/\/www.hotellechaletblanc.com\/it\/wp-json\/wp\/v2\/pages\/2","targetHints":{"allow":["GET"]}}],"collection":[{"href":"https:\/\/www.hotellechaletblanc.com\/it\/wp-json\/wp\/v2\/pages"}],"about":[{"href":"https:\/\/www.hotellechaletblanc.com\/it\/wp-json\/wp\/v2\/types\/page"}],"author":[{"embeddable":true,"href":"https:\/\/www.hotellechaletblanc.com\/it\/wp-json\/wp\/v2\/users\/4"}],"replies":[{"embeddable":true,"href":"https:\/\/www.hotellechaletblanc.com\/it\/wp-json\/wp\/v2\/comments?post=2"}],"version-history":[{"count":0,"href":"https:\/\/www.hotellechaletblanc.com\/it\/wp-json\/wp\/v2\/pages\/2\/revisions"}],"wp:attachment":[{"href":"https:\/\/www.hotellechaletblanc.com\/it\/wp-json\/wp\/v2\/media?parent=2"}],"curies":[{"name":"wp","href":"https:\/\/api.w.org\/{rel}","templated":true}]}}