{"id":1848,"date":"2021-08-23T10:17:30","date_gmt":"2021-08-23T08:17:30","guid":{"rendered":"https:\/\/www.hotellechaletblanc.com\/?page_id=1848"},"modified":"2023-06-01T15:00:24","modified_gmt":"2023-06-01T13:00:24","slug":"mentions-legales","status":"publish","type":"page","link":"https:\/\/www.hotellechaletblanc.com\/it\/mentions-legales\/","title":{"rendered":"Avviso legale"},"content":{"rendered":"<div data-elementor-type=\"wp-page\" data-elementor-id=\"1848\" class=\"elementor elementor-1848\" data-elementor-post-type=\"page\">\n\t\t\t\t\t\t<section class=\"elementor-section elementor-top-section elementor-element elementor-element-5a2a175 elementor-section-height-min-height elementor-section-items-stretch elementor-section-boxed elementor-section-height-default\" data-id=\"5a2a175\" data-element_type=\"section\" data-e-type=\"section\" data-settings=\"{&quot;background_background&quot;:&quot;classic&quot;,&quot;_ob_glider_is_slider&quot;:&quot;no&quot;}\">\n\t\t\t\t\t\t\t<div class=\"elementor-background-overlay\"><\/div>\n\t\t\t\t\t\t\t<div class=\"elementor-container elementor-column-gap-default\">\n\t\t\t\t\t<div class=\"elementor-column elementor-col-100 elementor-top-column elementor-element elementor-element-0583565\" data-id=\"0583565\" data-element_type=\"column\" data-e-type=\"column\" data-settings=\"{&quot;_ob_column_hoveranimator&quot;:&quot;no&quot;,&quot;_ob_column_has_pseudo&quot;:&quot;no&quot;}\">\n\t\t\t<div class=\"elementor-widget-wrap elementor-element-populated\">\n\t\t\t\t\t\t<div class=\"elementor-element elementor-element-d645511 ob-harakiri-inherit ob-has-background-overlay elementor-widget elementor-widget-heading\" data-id=\"d645511\" data-element_type=\"widget\" data-e-type=\"widget\" data-settings=\"{&quot;_ob_use_harakiri&quot;:&quot;yes&quot;,&quot;_ob_harakiri_writing_mode&quot;:&quot;inherit&quot;,&quot;_ob_harakiri_text_clip&quot;:&quot;none&quot;,&quot;_ob_widget_stalker_use&quot;:&quot;no&quot;,&quot;_ob_poopart_use&quot;:&quot;yes&quot;,&quot;_ob_shadough_use&quot;:&quot;no&quot;,&quot;_ob_allow_hoveranimator&quot;:&quot;no&quot;}\" data-widget_type=\"heading.default\">\n\t\t\t\t<div class=\"elementor-widget-container\">\n\t\t\t\t\t<h2 class=\"elementor-heading-title elementor-size-default\">Avviso legale<\/h2>\t\t\t\t<\/div>\n\t\t\t\t<\/div>\n\t\t\t\t<div class=\"elementor-element elementor-element-7c64932 elementor-absolute elementor-view-default ob-has-background-overlay elementor-widget elementor-widget-icon\" data-id=\"7c64932\" data-element_type=\"widget\" data-e-type=\"widget\" data-settings=\"{&quot;_position&quot;:&quot;absolute&quot;,&quot;_ob_widget_stalker_use&quot;:&quot;no&quot;,&quot;_ob_poopart_use&quot;:&quot;yes&quot;,&quot;_ob_shadough_use&quot;:&quot;no&quot;,&quot;_ob_allow_hoveranimator&quot;:&quot;no&quot;}\" data-widget_type=\"icon.default\">\n\t\t\t\t<div class=\"elementor-widget-container\">\n\t\t\t\t\t\t\t<div class=\"elementor-icon-wrapper\">\n\t\t\t<a class=\"elementor-icon\" href=\"#accueil\">\n\t\t\t<svg xmlns=\"http:\/\/www.w3.org\/2000\/svg\" width=\"77.583\" height=\"30.041\" viewbox=\"0 0 77.583 30.041\"><g id=\"Groupe_1\" data-name=\"Groupe 1\" transform=\"translate(0.606 0.809)\"><line id=\"Ligne_4\" data-name=\"Ligne 4\" x2=\"37.306\" y2=\"28.424\" transform=\"translate(0)\" fill=\"none\" stroke=\"#2f2d2d\" stroke-width=\"2\"><\/line><line id=\"Ligne_5\" data-name=\"Ligne 5\" x1=\"39.083\" y2=\"28.424\" transform=\"translate(37.306)\" fill=\"none\" stroke=\"#2f2d2d\" stroke-width=\"2\"><\/line><\/g><\/svg>\t\t\t<\/a>\n\t\t<\/div>\n\t\t\t\t\t\t<\/div>\n\t\t\t\t<\/div>\n\t\t\t\t\t<\/div>\n\t\t<\/div>\n\t\t\t\t\t<\/div>\n\t\t<\/section>\n\t\t\t\t<section class=\"elementor-section elementor-top-section elementor-element elementor-element-e624ccb elementor-section-boxed elementor-section-height-default elementor-section-height-default\" data-id=\"e624ccb\" data-element_type=\"section\" data-e-type=\"section\" data-settings=\"{&quot;_ob_glider_is_slider&quot;:&quot;no&quot;}\">\n\t\t\t\t\t\t<div class=\"elementor-container elementor-column-gap-default\">\n\t\t\t\t\t<div class=\"elementor-column elementor-col-100 elementor-top-column elementor-element elementor-element-fabe782\" data-id=\"fabe782\" data-element_type=\"column\" data-e-type=\"column\" data-settings=\"{&quot;_ob_column_hoveranimator&quot;:&quot;no&quot;,&quot;_ob_column_has_pseudo&quot;:&quot;no&quot;}\">\n\t\t\t<div class=\"elementor-widget-wrap elementor-element-populated\">\n\t\t\t\t\t\t<div class=\"elementor-element elementor-element-ba3e5a9 ob-has-background-overlay elementor-widget elementor-widget-menu-anchor\" data-id=\"ba3e5a9\" data-element_type=\"widget\" data-e-type=\"widget\" data-settings=\"{&quot;_ob_widget_stalker_use&quot;:&quot;no&quot;,&quot;_ob_poopart_use&quot;:&quot;yes&quot;,&quot;_ob_shadough_use&quot;:&quot;no&quot;,&quot;_ob_allow_hoveranimator&quot;:&quot;no&quot;}\" data-widget_type=\"menu-anchor.default\">\n\t\t\t\t<div class=\"elementor-widget-container\">\n\t\t\t\t\t\t\t<div class=\"elementor-menu-anchor\" id=\"accueil\"><\/div>\n\t\t\t\t\t\t<\/div>\n\t\t\t\t<\/div>\n\t\t\t\t\t<\/div>\n\t\t<\/div>\n\t\t\t\t\t<\/div>\n\t\t<\/section>\n\t\t\t\t<section class=\"elementor-section elementor-top-section elementor-element elementor-element-1109ae0 elementor-section-boxed elementor-section-height-default elementor-section-height-default\" data-id=\"1109ae0\" data-element_type=\"section\" data-e-type=\"section\" data-settings=\"{&quot;background_background&quot;:&quot;classic&quot;,&quot;_ob_glider_is_slider&quot;:&quot;no&quot;}\">\n\t\t\t\t\t\t<div class=\"elementor-container elementor-column-gap-default\">\n\t\t\t\t\t<div class=\"elementor-column elementor-col-100 elementor-top-column elementor-element elementor-element-0d49c73\" data-id=\"0d49c73\" data-element_type=\"column\" data-e-type=\"column\" data-settings=\"{&quot;_ob_column_hoveranimator&quot;:&quot;no&quot;,&quot;_ob_column_has_pseudo&quot;:&quot;no&quot;}\">\n\t\t\t<div class=\"elementor-widget-wrap elementor-element-populated\">\n\t\t\t\t\t\t<div class=\"elementor-element elementor-element-019039c ob-harakiri-inherit ob-has-background-overlay elementor-widget elementor-widget-text-editor\" data-id=\"019039c\" data-element_type=\"widget\" data-e-type=\"widget\" data-settings=\"{&quot;_ob_use_harakiri&quot;:&quot;yes&quot;,&quot;_ob_harakiri_writing_mode&quot;:&quot;inherit&quot;,&quot;_ob_postman_use&quot;:&quot;no&quot;,&quot;_ob_widget_stalker_use&quot;:&quot;no&quot;,&quot;_ob_poopart_use&quot;:&quot;yes&quot;,&quot;_ob_shadough_use&quot;:&quot;no&quot;,&quot;_ob_allow_hoveranimator&quot;:&quot;no&quot;}\" data-widget_type=\"text-editor.default\">\n\t\t\t\t<div class=\"elementor-widget-container\">\n\t\t\t\t\t\t\t\t\t<p><strong>Motivo<\/strong><b>\u00a0nome dell'azienda che opera<\/b><strong> :<\/strong> LE CHALET BLANC HOTEL &amp; SPA<br \/><strong>Indirizzo della sede legale :<\/strong> 7 HAMEAU DE L'OB\u00c9LISQUE, 05100 MONTGEN\u00c8VRE, HAUTES ALPES<br \/><b>Emai<\/b><strong>l :<\/strong> info@hotellechaletblanc.com<br \/><b>Telefono\u00a0<\/b>: +33 (0)6 73 56 86 94<br \/><b>Capitale sociale\u00a0<\/b><strong>:<\/strong> 50 000 \u20ac<br \/><b>Numero di identificazione IVA individuale\u00a0<\/b><strong>:<\/strong> FR94899711758<br \/><b>Numero RCS : <\/b>899 711 758<br \/><b>Numero di sirena\u00a0<\/b><strong>:<\/strong> 899 711 758 00016<br \/><b>Credito fotografico\u00a0<\/b><strong>:<\/strong> Studio Chevojon<br \/><b>Direttore della pubblicazione<\/b><strong>\u00a0:<\/strong> St\u00e9phane Dandoy<\/p><p><strong>Questo sito \u00e8 ospitato da :<\/strong>\u00a0Gruppo Dis al 28, rue des Arts, 59800 Lille (03 20 09 11 68)<\/p><h2>\u00a0<\/h2><h2><strong>Responsabilit\u00e0<\/strong><\/h2><p>Accedendo a questo sito, siete informati che l'uso di Internet richiede il rispetto di una serie di leggi relative in particolare al copyright e alla legge sulla protezione dei dati. H\u00d4TEL LE CHALET BLANC e ELIOPHOT non possono essere ritenuti responsabili di eventuali errori o omissioni, e l'editore si riserva inoltre il diritto di modificare e aggiornare i dati del sito in qualsiasi momento.<\/p><h2><strong>Copyright<\/strong><\/h2><p>In applicazione del Codice della Propriet\u00e0 Intellettuale, la riproduzione per qualsiasi uso diverso da quello privato, la vendita, la distribuzione, la pubblicazione, l'adattamento o la comunicazione, parziale o totale, dei dati (presentazione, impaginazione del sito, foto, testi e illustrazioni protetti dal diritto d'autore) sono strettamente subordinati alla previa autorizzazione scritta dei titolari dei diritti sopra citati.<\/p><h2><strong>Tecnologia dell'informazione e libert\u00e0 civili<\/strong><\/h2><p>Ogni utente che ha presentato direttamente o indirettamente delle informazioni nominative ha un diritto di accesso e di rettifica in conformit\u00e0 alla legge n\u00b0 7817 del 6\/01\/78 (Informatica e Libert\u00e0) all'amministratore del sito.<\/p><h2><strong>Protezione dei dati personali<\/strong><\/h2><h3>Identit\u00e0 del controllore<\/h3><p>Il Sito \u00e8 pubblicato dalla societ\u00e0 operativa i cui dettagli di contatto sono sopra indicati.<br \/>L'accesso al sito web e l'uso dei suoi contenuti sono soggetti alle condizioni d'uso descritte di seguito.<\/p><h3>Natura dei dati personali<\/h3><p>Per \"dati personali\" si intende qualsiasi informazione personale che l'utente pu\u00f2 condividere con la societ\u00e0 operativa e che pu\u00f2 consentire alla societ\u00e0 operativa, direttamente o indirettamente, di identificarlo come persona fisica, ad esempio quando visita il sito web, richiede informazioni, prenota una camera e altri servizi.<\/p><h3>I dati personali raccolti<\/h3><p>\u00c8 possibile che ti venga chiesto di fornire i tuoi dati personali quando navighi sul sito web della societ\u00e0 operativa.<\/p><p>Il carattere obbligatorio o facoltativo delle informazioni richieste \u00e8 indicato al momento della raccolta con un asterisco \"*\". Le informazioni richieste contrassegnate da un asterisco sono obbligatorie perch\u00e9 sono essenziali per il trattamento delle sue varie richieste. Le altre informazioni sono destinate a conoscerti meglio e a migliorare i servizi che ti vengono offerti. \u00c8 quindi facoltativo.<\/p><p>La societ\u00e0 operativa raccoglie ed elabora il vostro cognome, nome, indirizzo e-mail, indirizzo di fatturazione, numero di telefono, indirizzo IP, dati di connessione e di navigazione, le vostre preferenze e interessi (camera non fumatori, camera preferita, tipo di soggiorno, ecc.<\/p><h3>Quando vengono raccolti i suoi dati personali?<\/h3><ul><li>Lei naviga nel sito web (indirizzo IP e cookies) e consulta prodotti o servizi;<\/li><li>Lei fornisce alla societ\u00e0 operativa le sue osservazioni\/commenti in alcune sezioni, tramite questionari o moduli di contatto, pagina ufficiale dei social network della societ\u00e0 operativa;<\/li><li>Si invia un'e-mail alla societ\u00e0 operativa;<\/li><li>Ti iscrivi alla mailing list della newsletter;<\/li><li>Si condivide una pagina o un'offerta inviando un'e-mail o attraverso una rete sociale;<\/li><li>Si risponde a un questionario di soddisfazione;<\/li><li>Fai una richiesta di preventivo.<\/li><\/ul><h3>Memorizzazione dei dati<\/h3><p>Le informazioni raccolte sono memorizzate nei nostri vari sistemi di prenotazione su database sicuri e certificati SSL.<\/p><p>Questo database include: nomi di ospiti, indirizzi, numeri di telefono, posizioni, nomi di aziende e dettagli di carte di credito. Possiamo anche registrare altre informazioni come la sua stanza, i pasti, le bevande e altre preferenze di servizio, e la sua storia con noi.<\/p><h3>Scopo della raccolta dei dati da parte della societ\u00e0 operativa<\/h3><p>Attraverso il sito web, la societ\u00e0 operativa raccoglie dati su di voi che sono strettamente necessari per le seguenti finalit\u00e0:<\/p><ol><li>Per gestire le sue richieste di informazioni e prenotazioni, nonch\u00e9 l'eventuale programma di fidelizzazione;<\/li><li>Per migliorare e personalizzare i servizi della societ\u00e0 operativa al fine di facilitare la sua navigazione sul sito web;<\/li><li>Gestire e monitorare l'intera relazione con il cliente;<\/li><li>Gestire l'iscrizione alle novit\u00e0 e alle offerte promozionali della societ\u00e0 operativa (newsletter);<\/li><li>Gestire tutte le vostre richieste di accesso in conformit\u00e0 con la legislazione vigente;<\/li><li>Gestione delle fatture non pagate e delle controversie;<\/li><li>Gestire le richieste di candidatura nell'ambito delle offerte di lavoro della societ\u00e0 operativa che hanno attirato la sua attenzione, o qualsiasi richiesta di candidatura non richiesta;<\/li><li>Misurare la qualit\u00e0 e la soddisfazione.<\/li><\/ol><p>Se non fornisce le informazioni richieste, la sua richiesta non pu\u00f2 essere elaborata.<\/p><h2><strong>Impegni della societ\u00e0 operativa in materia di protezione dei dati personali<\/strong><\/h2><h3>Trasparenza e scopo:<\/h3><p>Nessun dato personale \u00e8 o sar\u00e0 raccolto a vostra insaputa. Il carattere facoltativo o obbligatorio delle informazioni da comunicare alla societ\u00e0 operativa nell'ambito della raccolta effettuata sul sito web vi sar\u00e0 indicato in anticipo, attraverso la presenza del simbolo dell'asterisco \"*\". La societ\u00e0 operativa raccoglie ed elabora i vostri dati personali esclusivamente per gli scopi descritti in questo Avviso Legale.<\/p><h3>Proporzionalit\u00e0 e pertinenza :<\/h3><p>La societ\u00e0 operativa raccoglie e tratta solo i dati personali necessari per la corretta elaborazione della vostra richiesta o per la personalizzazione dei servizi offerti.<\/p><h3>Tempo di memorizzazione dei dati :<\/h3><p>La societ\u00e0 operativa conserver\u00e0 i vostri dati personali solo per il tempo necessario per l'elaborazione in conformit\u00e0 con la legge applicabile.<\/p><h3>Sicurezza e privacy:<\/h3><p>La societ\u00e0 operativa si impegna ad adottare le misure necessarie per garantire la riservatezza dei dati e a non divulgare gli stessi a terzi non autorizzati.<\/p><p>Possiamo divulgare le sue informazioni personali alle autorit\u00e0 locali se richiesto dalla legge o nel corso di un'indagine e in conformit\u00e0 con i regolamenti locali.<\/p><p>Come nella maggior parte dei siti web, alcune informazioni sono registrate automaticamente attraverso un protocollo. Queste informazioni includono indirizzi di protocollo (indirizzo IP), tipo di browser utilizzato, provider di servizi Internet, pagine di riferimento e finali, sistema operativo, data, ora e dati clickstream.<\/p><p>I cookie non registrano le informazioni fornite dagli utenti durante una prenotazione online o durante la registrazione di un account cliente. I cookies identificano il vostro browser piuttosto che voi e non possono da soli rivelare la vostra identit\u00e0.<\/p><h3>Rispettare i vostri diritti:<\/h3><p>Siete informati dei vostri diritti di interrogazione, di accesso, di rettifica e di opposizione per motivi legittimi, nonch\u00e9 del vostro diritto di opporvi alla prospezione commerciale conformemente alle disposizioni della legge n\u00b078-17 del 6 gennaio 1978.<\/p><h3>Diritti di accesso, rettifica e opposizione :<\/h3><p>In conformit\u00e0 alla legge n\u00b0 78-17 del 6 gennaio 1978, relativa all'informatica, ai file e alle libert\u00e0, beneficiate, su semplice richiesta scritta, di un diritto di accesso e di rettifica sulle informazioni che vi riguardano.<br \/>Lei pu\u00f2 anche, per motivi legittimi, opporsi al trattamento dei suoi dati.<\/p><p>Per esercitare uno di questi diritti e ottenere informazioni su di te, basta contattare la societ\u00e0 operativa i cui dati di contatto sono disponibili all'inizio di questo Avviso Legale.<\/p><h2><strong>Cookie<\/strong><\/h2><p>Durante la consultazione del sito web, alcune informazioni relative alla navigazione del suo terminale possono essere registrate in file chiamati \"Cookies\" installati sul suo terminale, fatte salve le scelte che lei ha espresso riguardo ai cookies e che pu\u00f2 modificare in qualsiasi momento.<\/p><p>Un cookie \u00e8 un piccolo file di testo salvato in uno spazio dedicato sul disco rigido del vostro terminale quando consultate un servizio online tramite il vostro browser. Permette al suo emittente di identificare il terminale in cui \u00e8 conservato, durante il periodo di validit\u00e0 o di conservazione del cookie.<\/p><p>I cookie emessi dalla societ\u00e0 operativa vengono utilizzati per le finalit\u00e0 descritte di seguito, per la durata della validit\u00e0 del cookie in questione, fatte salve le vostre scelte derivanti dalle impostazioni del software del vostro browser utilizzato durante la vostra visita al sito web, le cui impostazioni potete modificare in qualsiasi momento.<\/p><p>I cookie di aziende partner (cookie di terze parti) possono essere collocati sul suo computer attraverso le pagine del sito web<\/p><p>Solo il mittente di un cookie pu\u00f2 leggere o modificare le informazioni in esso contenute.<\/p><p>Diversi tipi di cookie sono utilizzati sul sito web per scopi diversi. Alcuni sono necessari per l'utilizzo del sito web.<\/p><h3>Cookie analitici<\/h3><p>Questi sono i cookie che permettono alla societ\u00e0 operativa :<\/p><ul><li>per generare statistiche e i vari elementi che compongono il sito web (sezioni e contenuti visitati, percorso) al fine di migliorare l'esperienza di navigazione offerta;<\/li><li>per contare il numero totale di annunci visualizzati da lui sui suoi spazi pubblicitari, per identificare questi annunci, il numero di volte che sono visualizzati, il numero di clic e le informazioni di navigazione.<\/li><\/ul><p><u>Esempio di cookie analitici<\/u><\/p><ul><li>Analitica: registrazione dei dati di navigazione<\/li><li>utm Analytics: registrazione dei dati di navigazione<\/li><li>Campagna: registrazione dei dati di navigazione delle campagne pubblicitarie<\/li><\/ul><h3>Cookie e plug-in di social network (pulsanti sociali)<\/h3><p>La societ\u00e0 operativa pu\u00f2 includere nel sito web strumenti per la condivisione di contenuti con altre persone o per far conoscere a queste altre persone la sua consultazione o la sua opinione riguardo ai contenuti del nostro sito. Questo \u00e8 particolarmente il caso dei pulsanti \"Condividi\" e \"Mi piace\" delle reti sociali come Facebook, Twitter, ecc.<\/p><p>La societ\u00e0 operativa non ha alcun controllo sul processo utilizzato dalle seguenti reti sociali nella raccolta di informazioni:<\/p><ul><li>Facebook Connect: accedi usando il tuo account Facebook;<\/li><li>Facebook Social Graph: condivisione della pagina su Facebook;<\/li><li>Pinterest: condivisione della pagina su Pinterest;<\/li><li>Linkedin: condivisione della pagina su Linkedin;<\/li><li>Instagram: condivisione della pagina su Instagram.<\/li><\/ul><h3>Cookie e identificatori di macchine per transazioni sicure<\/h3><p>La informiamo che durante il suo ordine, la societ\u00e0 operativa, o i suoi fornitori di servizi che agiscono per suo conto, possono collocare cookie o raccogliere informazioni relative al suo terminale, in particolare le informazioni (attributi tecnici di sicurezza) necessarie per il riconoscimento delle apparecchiature (computer, tablet o telefono cellulare) al fine di identificare le sue apparecchiature per garantire le transazioni nel suo interesse.<\/p><h3>Cookie pubblicitari<\/h3><p>I contenuti pubblicitari (grafici, animazioni, video, ecc.) visualizzati negli spazi pubblicitari della societ\u00e0 operativa possono contenere cookie emessi da terzi che possono permettere, durante il periodo di validit\u00e0 dei cookie, di contare i clic, ma anche di offrirle la pubblicit\u00e0 pi\u00f9 adeguata in base al suo comportamento di navigazione, centri di interesse e preferenze.<\/p><p>Rifiutare i cookie pubblicitari non ha alcun impatto sull'uso del sito e non fermer\u00e0 la pubblicit\u00e0 sul sito o su internet. Si tradurr\u00e0 solo nella visualizzazione di pubblicit\u00e0 che non tiene conto dei suoi interessi o preferenze.<\/p><p>Questi cookie dipendono principalmente dalle agenzie pubblicitarie. Non possiamo elencarli in modo esaustivo:<\/p><ul><li>AdWords: acquisto di parole chiave sponsorizzate visualizzate su Google<\/li><li>Pubblico personalizzato di Facebook<\/li><li>pubblicit\u00e0 mirata: registrazione del percorso di navigazione<\/li><\/ul><h3>Pubblicit\u00e0 mirata<\/h3><p>Il sito pu\u00f2 contenere cookie rilasciati da terzi (agenzie e strumenti pubblicitari) e permettere loro, durante il periodo di validit\u00e0 del cookie, di raccogliere i dati di navigazione relativi ai dispositivi che si collegano ai nostri siti, ma anche di proporvi contenuti pubblicitari suscettibili di corrispondere alla vostra precedente navigazione sul sito.<\/p><p>In nessun caso questa raccolta di dati permette a questi fornitori di servizi di identificarti personalmente. Il tuo nome, cognome, nome utente, indirizzo postale, indirizzo e-mail e password non vengono mai comunicati a terzi senza il tuo previo ed esplicito consenso.<\/p><h3>Le sue scelte riguardo ai cookie<\/h3><p>Ha diverse opzioni per gestire i cookie. Qualsiasi impostazione effettuata pu\u00f2 influire sulla sua capacit\u00e0 di navigare in Internet e di accedere a determinati servizi che richiedono l'uso di cookie.<\/p><h3>Le scelte a vostra disposizione attraverso il vostro browser<\/h3><p>Puoi personalizzare il tuo browser internet (Google Chrome, Internet Explorer, Mozilla Firefox, ecc.) in modo che i cookie siano memorizzati sul tuo terminale o siano rifiutati.<\/p><h3>Rifiutare i cookie<\/h3><p>Se rifiutate di accettare i cookies, alcune funzioni, come l'identificazione\/collegamento al vostro spazio personale, la personalizzazione della vostra navigazione (scelta della lingua preferita per esempio) non saranno pi\u00f9 disponibili.<\/p><p>Il gestore declina ogni responsabilit\u00e0 per le conseguenze legate al funzionamento degradato dei suoi servizi e funzionalit\u00e0 a causa del rifiuto del cookie.<\/p><h3>Come esercitate le vostre scelte, a seconda del browser che usate?<\/h3><p>Ogni browser ha una configurazione diversa per la gestione dei cookie e le vostre scelte. Questo \u00e8 descritto nel menu di aiuto del tuo browser, che ti dir\u00e0 come cambiare le tue preferenze sui cookie.<\/p><p><u>Per Internet Explorer\u2122 :<\/u><\/p><p><a href=\"https:\/\/support.microsoft.com\/fr-fr\/help\/17442\/windows-internet-explorer-delete-manage-cookies\" target=\"_blank\" rel=\"noopener nofollow\">https:\/\/support.microsoft.com\/fr-fr\/help\/17442\/windows-internet-explorer-delete-manage-cookies<\/a><br \/>o<\/p><p>In Internet Explorer, fare clic sul pulsante Strumenti e poi su Opzioni Internet. Nella scheda Generale, sotto Cronologia di navigazione, clicca su Impostazioni. Clicca sul pulsante View Files. Fai clic sull'intestazione della colonna Nome per ordinare tutti i file in ordine alfabetico, poi scorri l'elenco fino a vedere i file che iniziano con il prefisso \"Cookie\" (tutti i cookie hanno questo prefisso e di solito contengono il nome del sito web che ha creato il cookie). Selezionate il o i cookie che contengono il nome della societ\u00e0 operativa e cancellateli. Chiudete la finestra contenente l'elenco dei file e fate doppio clic su OK per tornare a Internet Explorer.<\/p><p><u>Per Safari\u2122:<\/u><\/p><p><a href=\"https:\/\/support.apple.com\/fr-fr\/guide\/safari\/sfri11471\/mac\" target=\"_blank\" rel=\"noopener nofollow\">https:\/\/support.apple.com\/fr-fr\/guide\/safari\/sfri11471\/mac<\/a><br \/>Oppure<br \/>Nel tuo browser, scegli Modifica &gt; Preferenze. Cliccate su Sicurezza. Cliccate su Show Cookies. Selezionate i cookie che contengono il nome della societ\u00e0 operativa e cliccate su Elimina o Elimina tutto. Dopo aver cancellato i cookie, clicca su Done.<\/p><p><u>Per Chrome\u2122:<\/u><\/p><p><a href=\"https:\/\/support.google.com\/chrome\/bin\/answer.py?hl=fr&amp;hlrm=en&amp;answer=95647\" target=\"_blank\" rel=\"noopener nofollow\"><em>https:\/\/support.google.com\/chrome\/bin\/answer.py?hl=fr&amp;hlrm=en&amp;answer=95647<\/em><\/a><br \/>Oppure<br \/>Aprire Google Chrome. Sulla barra degli strumenti del browser, fai clic su Altro. Sposta il cursore su Altri strumenti e clicca su Cancella dati di navigazione. Nella finestra Clear Browsing Data, seleziona le caselle di controllo Cookies and data from other sites or plug-ins e Cached images and files. Usa il menu in alto per selezionare la quantit\u00e0 di dati che vuoi cancellare. Selezionate From Start per cancellare tutto. Clicca su Cancella dati di navigazione.<\/p><p><u>Per Firefox\u2122:<\/u><\/p><p><a href=\"https:\/\/support.mozilla.org\/fr\/kb\/Activer%20et%20d%C3%A9sactiver%20les%20cookies\" target=\"_blank\" rel=\"noopener nofollow\"><em>https:\/\/support.mozilla.org\/fr\/kb\/Activer%20et%20d%C3%A9sactiver%20les%20cookies<\/em><\/a><br \/>Oppure<br \/>Vai alla scheda 'Strumenti' del browser e seleziona il menu 'Opzioni'. Nella finestra che appare, scegliete \"Privacy\" e cliccate su \"Elimina cookie specifici\". Individuate i file che contengono il nome della societ\u00e0 operativa. Selezionateli e cancellateli.<\/p><h3>Per ulteriori informazioni sui cookie<\/h3><p>La societ\u00e0 operativa vi invita a consultare il sito web della CNIL al seguente indirizzo\u00a0<a href=\"https:\/\/www.cnil.fr\/fr\/cookies-les-outils-pour-les-maitriser\" target=\"_blank\" rel=\"noopener nofollow\"><em>https:\/\/www.cnil.fr\/fr\/cookies-les-outils-pour-les-maitriser<\/em><\/a><\/p><h3>Rinvio all'ombudsman dei consumatori<\/h3><p>In conformit\u00e0 con gli articoli L. 616-1 e R. 111-1 6\u00b0 del Codice del Consumo, il cliente ha il diritto di rivolgersi all'Ombudsman del Turismo e dei Viaggi, le cui coordinate sono attualmente le seguenti<br \/>Mediatore del turismo e dei viaggi,<br \/>Mediazione MTV Turismo Viaggi<br \/>BP 80 303<br \/>75823 Parigi Cedex 17<\/p>\t\t\t\t\t\t\t\t<\/div>\n\t\t\t\t<\/div>\n\t\t\t\t\t<\/div>\n\t\t<\/div>\n\t\t\t\t\t<\/div>\n\t\t<\/section>\n\t\t\t\t<\/div>","protected":false},"excerpt":{"rendered":"<p>Mentions L\u00e9gales Raison\u00a0sociale de la soci\u00e9t\u00e9 exploitante : LE CHALET BLANC H\u00d4TEL &amp; SPAAdresse du si\u00e8ge social : 7 HAMEAU DE L&rsquo;OB\u00c9LISQUE, 05100 MONTGEN\u00c8VRE, HAUTES ALPESEmail\u00a0: info@hotellechaletblanc.comT\u00e9l\u00e9phone\u00a0: +33 (0)6 73 56 86 94Capital social\u00a0: 50 000 \u20acNum\u00e9ro individuel d\u2019identification de TVA\u00a0: FR94899711758Num\u00e9ro RCS : 899 711 758Num\u00e9ro de Siret\u00a0: 899 711 758 00016Cr\u00e9dit photo\u00a0: \u00a9Studio [&hellip;]<\/p>\n","protected":false},"author":9,"featured_media":0,"parent":0,"menu_order":0,"comment_status":"closed","ping_status":"closed","template":"","meta":{"_acf_changed":false,"footnotes":""},"class_list":["post-1848","page","type-page","status-publish","hentry"],"acf":[],"_links":{"self":[{"href":"https:\/\/www.hotellechaletblanc.com\/it\/wp-json\/wp\/v2\/pages\/1848","targetHints":{"allow":["GET"]}}],"collection":[{"href":"https:\/\/www.hotellechaletblanc.com\/it\/wp-json\/wp\/v2\/pages"}],"about":[{"href":"https:\/\/www.hotellechaletblanc.com\/it\/wp-json\/wp\/v2\/types\/page"}],"author":[{"embeddable":true,"href":"https:\/\/www.hotellechaletblanc.com\/it\/wp-json\/wp\/v2\/users\/9"}],"replies":[{"embeddable":true,"href":"https:\/\/www.hotellechaletblanc.com\/it\/wp-json\/wp\/v2\/comments?post=1848"}],"version-history":[{"count":67,"href":"https:\/\/www.hotellechaletblanc.com\/it\/wp-json\/wp\/v2\/pages\/1848\/revisions"}],"predecessor-version":[{"id":4707,"href":"https:\/\/www.hotellechaletblanc.com\/it\/wp-json\/wp\/v2\/pages\/1848\/revisions\/4707"}],"wp:attachment":[{"href":"https:\/\/www.hotellechaletblanc.com\/it\/wp-json\/wp\/v2\/media?parent=1848"}],"curies":[{"name":"wp","href":"https:\/\/api.w.org\/{rel}","templated":true}]}}